{"id":153,"date":"2024-03-20T09:31:46","date_gmt":"2024-03-20T08:31:46","guid":{"rendered":"https:\/\/www.susahee.de\/SHblog\/?page_id=153"},"modified":"2024-06-04T07:34:29","modified_gmt":"2024-06-04T05:34:29","slug":"kontakt-impressum","status":"publish","type":"page","link":"https:\/\/www.susahee.de\/SHblog\/kontakt-impressum\/","title":{"rendered":"Kontakt\/Impressum"},"content":{"rendered":"\t\t<div data-elementor-type=\"wp-page\" data-elementor-id=\"153\" class=\"elementor elementor-153\">\n\t\t\t\t<div class=\"elementor-element elementor-element-404cb62 e-flex e-con-boxed e-con e-parent\" data-id=\"404cb62\" data-element_type=\"container\">\n\t\t\t\t\t<div class=\"e-con-inner\">\n\t\t<div class=\"elementor-element elementor-element-bc07cb5 e-con-full e-flex e-con e-child\" data-id=\"bc07cb5\" data-element_type=\"container\">\n\t\t\t\t<div class=\"elementor-element elementor-element-8e46fde elementor-widget elementor-widget-text-editor\" data-id=\"8e46fde\" data-element_type=\"widget\" data-widget_type=\"text-editor.default\">\n\t\t\t\t<div class=\"elementor-widget-container\">\n\t\t\t\t\t\t\t\t\t<p><strong>STUDIO <\/strong><\/p><p>The STUDIO is located in the southeast of Mallorca (Spain) above the Natural Park Reserve Cala Mondrag\u00f2. Nearby the sea and surrounded by Mediterranean nature it gives a very particular atmosphere to work and think. There is a 10 x 6 meter dance-floor in a space of 120 square-meters, bathroom with shower and windows that look to the sea. It is used as rehearsal \u2013 and workshop-space by SusaHee Performance. You are welcome for for Artistic Exchange, for your work-in-progress, rehearsals and workshops. The STUDIO is for rent at a reasonable price. Booking in advance! Accommodation and transport can be organised.<\/p>\t\t\t\t\t\t\t\t<\/div>\n\t\t\t\t<\/div>\n\t\t\t\t<\/div>\n\t\t<div class=\"elementor-element elementor-element-6b8f70e e-con-full e-flex e-con e-child\" data-id=\"6b8f70e\" data-element_type=\"container\">\n\t\t\t\t<div class=\"elementor-element elementor-element-b9fccc0 elementor-widget elementor-widget-text-editor\" data-id=\"b9fccc0\" data-element_type=\"widget\" data-widget_type=\"text-editor.default\">\n\t\t\t\t<div class=\"elementor-widget-container\">\n\t\t\t\t\t\t\t\t\t<p><strong><span class=\"text2bold\">KONTAKT<\/span><\/strong><\/p><p>Apt. 143<br \/>E-7650 Santanyi<br \/>Mallorca, Baleares<br \/>Tel.: +34 \u2013 636 740 032<\/p><p>Kamekestr.19<br \/>D-50672 K\u00f6ln<br \/>Germany<br \/>Tel.: +49 (0)179 &#8211; 548 73 33<\/p><p>e-Mail:<a class=\"linkfltext2\" title=\"e-mail SusaHee Performance\" href=\"mailto: susaphee@hotmail.com\"> susaphee[@]hotmail.com<\/a><\/p>\t\t\t\t\t\t\t\t<\/div>\n\t\t\t\t<\/div>\n\t\t\t\t<\/div>\n\t\t\t\t\t<\/div>\n\t\t\t\t<\/div>\n\t\t<div class=\"elementor-element elementor-element-1ca5f41 e-flex e-con-boxed e-con e-parent\" data-id=\"1ca5f41\" data-element_type=\"container\">\n\t\t\t\t\t<div class=\"e-con-inner\">\n\t\t\t\t<div class=\"elementor-element elementor-element-edaf04e elementor-widget elementor-widget-text-editor\" data-id=\"edaf04e\" data-element_type=\"widget\" data-widget_type=\"text-editor.default\">\n\t\t\t\t<div class=\"elementor-widget-container\">\n\t\t\t\t\t\t\t\t\t<p><strong>IMPRESSUM<\/strong><\/p><p><strong>Haftung f\u00fcr Links:\u2028<\/strong><br \/>Trotz sorgf\u00e4ltiger inhaltlicher Kontrolle \u00fcbernehmen wir keine Haftung f\u00fcr die Inhalte externer Links.\u2028F\u00fcr den Inhalt der verlinkten Seiten sind ausschlie\u00dflich deren Betreiber verantwortlich.<\/p><p><strong>Haftung f\u00fcr Inhalt:\u2028<\/strong><br \/>Die Inhalte unserer Seiten wurden mit gr\u00f6\u00dfter Sorgfalt erstellt. F\u00fcr die Richtigkeit, Vollst\u00e4ndigkeit und Aktualit\u00e4t der Inhalte k\u00f6nnen wir jedoch keine Gew\u00e4hr \u00fcbernehmen.<\/p><p><strong>Copyright:<\/strong>\u2028<br \/>Alle Materialien auf dieser Website einschlie\u00dflich der Bilder und Texte sind Eigentum der jeweiligen Besitzer und\/oder Susahee. Sie sind durch das Urheberrecht gesch\u00fctzt und d\u00fcrfen nicht ohne Erlaubnis reproduziert werden. Unautorisiertes Kopieren und Verwenden von Inhalten sowie Bildermaterial ohne vorheriger schriftlicher Genehmigung Susahee ist verboten.<\/p><p><strong>Urheberrechte:<\/strong>\u2028<br \/>Die durch die Seitenbetreiber erstellten Inhalte und Werke auf diesen Seiten unterliegen dem deutschen Urheberrecht. Beitr\u00e4ge Dritter sind als solche gekennzeichnet. Die Vervielf\u00e4ltigung, Bearbeitung, Verbreitung und jede Art der Verwertung au\u00dferhalb der Grenzen des Urheberrechtes bed\u00fcrfen der schriftlichen Zustimmung des jeweiligen Autors bzw. Erstellers. Downloads und Kopien dieser Seiten sind nur f\u00fcr den privaten, nicht kommerziellen Gebrauch gestattet. Die Betreiber der Seiten sind bem\u00fcht, stets die Urheberrechte anderer zu beachten bzw. auf selbst erstellte sowie lizenzfreie Werke zur\u00fcckzugreifen.<\/p>\t\t\t\t\t\t\t\t<\/div>\n\t\t\t\t<\/div>\n\t\t\t\t\t<\/div>\n\t\t\t\t<\/div>\n\t\t\t\t<\/div>\n\t\t","protected":false},"excerpt":{"rendered":"<p>STUDIO The STUDIO is located in the southeast of Mallorca (Spain) above the Natural Park Reserve Cala Mondrag\u00f2. Nearby the sea and surrounded by Mediterranean nature it gives a very particular atmosphere to work and think. There is a 10 x 6 meter dance-floor in a space of 120 square-meters, bathroom with shower and windows [&hellip;]<\/p>\n","protected":false},"author":1,"featured_media":0,"parent":0,"menu_order":0,"comment_status":"closed","ping_status":"closed","template":"","meta":{"ngg_post_thumbnail":0,"ocean_post_layout":"","ocean_both_sidebars_style":"","ocean_both_sidebars_content_width":0,"ocean_both_sidebars_sidebars_width":0,"ocean_sidebar":"0","ocean_second_sidebar":"0","ocean_disable_margins":"enable","ocean_add_body_class":"","ocean_shortcode_before_top_bar":"","ocean_shortcode_after_top_bar":"","ocean_shortcode_before_header":"","ocean_shortcode_after_header":"","ocean_has_shortcode":"","ocean_shortcode_after_title":"","ocean_shortcode_before_footer_widgets":"","ocean_shortcode_after_footer_widgets":"","ocean_shortcode_before_footer_bottom":"","ocean_shortcode_after_footer_bottom":"","ocean_display_top_bar":"default","ocean_display_header":"default","ocean_header_style":"","ocean_center_header_left_menu":"0","ocean_custom_header_template":"0","ocean_custom_logo":0,"ocean_custom_retina_logo":0,"ocean_custom_logo_max_width":0,"ocean_custom_logo_tablet_max_width":0,"ocean_custom_logo_mobile_max_width":0,"ocean_custom_logo_max_height":0,"ocean_custom_logo_tablet_max_height":0,"ocean_custom_logo_mobile_max_height":0,"ocean_header_custom_menu":"0","ocean_menu_typo_font_family":"0","ocean_menu_typo_font_subset":"","ocean_menu_typo_font_size":0,"ocean_menu_typo_font_size_tablet":0,"ocean_menu_typo_font_size_mobile":0,"ocean_menu_typo_font_size_unit":"px","ocean_menu_typo_font_weight":"","ocean_menu_typo_font_weight_tablet":"","ocean_menu_typo_font_weight_mobile":"","ocean_menu_typo_transform":"","ocean_menu_typo_transform_tablet":"","ocean_menu_typo_transform_mobile":"","ocean_menu_typo_line_height":0,"ocean_menu_typo_line_height_tablet":0,"ocean_menu_typo_line_height_mobile":0,"ocean_menu_typo_line_height_unit":"","ocean_menu_typo_spacing":0,"ocean_menu_typo_spacing_tablet":0,"ocean_menu_typo_spacing_mobile":0,"ocean_menu_typo_spacing_unit":"","ocean_menu_link_color":"","ocean_menu_link_color_hover":"","ocean_menu_link_color_active":"","ocean_menu_link_background":"","ocean_menu_link_hover_background":"","ocean_menu_link_active_background":"","ocean_menu_social_links_bg":"","ocean_menu_social_hover_links_bg":"","ocean_menu_social_links_color":"","ocean_menu_social_hover_links_color":"","ocean_disable_title":"default","ocean_disable_heading":"default","ocean_post_title":"","ocean_post_subheading":"","ocean_post_title_style":"","ocean_post_title_background_color":"","ocean_post_title_background":0,"ocean_post_title_bg_image_position":"","ocean_post_title_bg_image_attachment":"","ocean_post_title_bg_image_repeat":"","ocean_post_title_bg_image_size":"","ocean_post_title_height":0,"ocean_post_title_bg_overlay":0.5,"ocean_post_title_bg_overlay_color":"","ocean_disable_breadcrumbs":"default","ocean_breadcrumbs_color":"","ocean_breadcrumbs_separator_color":"","ocean_breadcrumbs_links_color":"","ocean_breadcrumbs_links_hover_color":"","ocean_display_footer_widgets":"default","ocean_display_footer_bottom":"default","ocean_custom_footer_template":"0","footnotes":""},"class_list":["post-153","page","type-page","status-publish","hentry","entry"],"_links":{"self":[{"href":"https:\/\/www.susahee.de\/SHblog\/wp-json\/wp\/v2\/pages\/153","targetHints":{"allow":["GET"]}}],"collection":[{"href":"https:\/\/www.susahee.de\/SHblog\/wp-json\/wp\/v2\/pages"}],"about":[{"href":"https:\/\/www.susahee.de\/SHblog\/wp-json\/wp\/v2\/types\/page"}],"author":[{"embeddable":true,"href":"https:\/\/www.susahee.de\/SHblog\/wp-json\/wp\/v2\/users\/1"}],"replies":[{"embeddable":true,"href":"https:\/\/www.susahee.de\/SHblog\/wp-json\/wp\/v2\/comments?post=153"}],"version-history":[{"count":64,"href":"https:\/\/www.susahee.de\/SHblog\/wp-json\/wp\/v2\/pages\/153\/revisions"}],"predecessor-version":[{"id":323,"href":"https:\/\/www.susahee.de\/SHblog\/wp-json\/wp\/v2\/pages\/153\/revisions\/323"}],"wp:attachment":[{"href":"https:\/\/www.susahee.de\/SHblog\/wp-json\/wp\/v2\/media?parent=153"}],"curies":[{"name":"wp","href":"https:\/\/api.w.org\/{rel}","templated":true}]}}